{"id":524,"date":"2017-01-03T10:12:12","date_gmt":"2017-01-03T10:12:12","guid":{"rendered":"http:\/\/www.imlitexenergy.lt\/planai-verslui\/kintamos-kainos-planas\/"},"modified":"2018-07-04T10:07:51","modified_gmt":"2018-07-04T10:07:51","slug":"variable-price","status":"publish","type":"page","link":"https:\/\/www.imlitexenergy.lt\/en\/electricity-supply\/for-business\/variable-price\/","title":{"rendered":"Variable price"},"content":{"rendered":"<h3 style=\"text-align: center;\">VARIABLE PRICE<\/h3>\n<p>&nbsp;<\/p>\n<p>&nbsp;<\/p>\n","protected":false},"excerpt":{"rendered":"<p>VARIABLE PRICE &nbsp; &nbsp;<\/p>\n","protected":false},"author":12,"featured_media":635,"parent":521,"menu_order":2,"comment_status":"closed","ping_status":"closed","template":"plans.php","meta":{"_acf_changed":false,"footnotes":""},"class_list":["post-524","page","type-page","status-publish","has-post-thumbnail","hentry"],"acf":[],"yoast_head":"<!-- This site is optimized with the Yoast SEO plugin v27.4 - https:\/\/yoast.com\/product\/yoast-seo-wordpress\/ -->\n<title>Variable price - IMLITEX ENERGY<\/title>\n<meta name=\"robots\" content=\"index, follow, max-snippet:-1, max-image-preview:large, max-video-preview:-1\" \/>\n<link rel=\"canonical\" href=\"https:\/\/www.imlitexenergy.lt\/en\/electricity-supply\/for-business\/variable-price\/\" \/>\n<meta property=\"og:locale\" content=\"en_US\" \/>\n<meta property=\"og:type\" content=\"article\" \/>\n<meta property=\"og:title\" content=\"Variable price - IMLITEX ENERGY\" \/>\n<meta property=\"og:description\" content=\"VARIABLE PRICE &nbsp; &nbsp;\" \/>\n<meta property=\"og:url\" content=\"https:\/\/www.imlitexenergy.lt\/en\/electricity-supply\/for-business\/variable-price\/\" \/>\n<meta property=\"og:site_name\" content=\"IMLITEX ENERGY\" \/>\n<meta property=\"article:modified_time\" content=\"2018-07-04T10:07:51+00:00\" \/>\n<meta property=\"og:image\" content=\"https:\/\/www.imlitexenergy.lt\/wp-content\/uploads\/2017\/01\/11.jpg\" \/>\n\t<meta property=\"og:image:width\" content=\"1598\" \/>\n\t<meta property=\"og:image:height\" content=\"253\" \/>\n\t<meta property=\"og:image:type\" content=\"image\/jpeg\" \/>\n<meta name=\"twitter:card\" content=\"summary_large_image\" \/>\n<script type=\"application\/ld+json\" class=\"yoast-schema-graph\">{\"@context\":\"https:\\\/\\\/schema.org\",\"@graph\":[{\"@type\":\"WebPage\",\"@id\":\"https:\\\/\\\/www.imlitexenergy.lt\\\/en\\\/electricity-supply\\\/for-business\\\/variable-price\\\/\",\"url\":\"https:\\\/\\\/www.imlitexenergy.lt\\\/en\\\/electricity-supply\\\/for-business\\\/variable-price\\\/\",\"name\":\"Variable price - IMLITEX ENERGY\",\"isPartOf\":{\"@id\":\"https:\\\/\\\/www.imlitexenergy.lt\\\/#website\"},\"primaryImageOfPage\":{\"@id\":\"https:\\\/\\\/www.imlitexenergy.lt\\\/en\\\/electricity-supply\\\/for-business\\\/variable-price\\\/#primaryimage\"},\"image\":{\"@id\":\"https:\\\/\\\/www.imlitexenergy.lt\\\/en\\\/electricity-supply\\\/for-business\\\/variable-price\\\/#primaryimage\"},\"thumbnailUrl\":\"https:\\\/\\\/www.imlitexenergy.lt\\\/wp-content\\\/uploads\\\/2017\\\/01\\\/11.jpg\",\"datePublished\":\"2017-01-03T10:12:12+00:00\",\"dateModified\":\"2018-07-04T10:07:51+00:00\",\"breadcrumb\":{\"@id\":\"https:\\\/\\\/www.imlitexenergy.lt\\\/en\\\/electricity-supply\\\/for-business\\\/variable-price\\\/#breadcrumb\"},\"inLanguage\":\"en-US\",\"potentialAction\":[{\"@type\":\"ReadAction\",\"target\":[\"https:\\\/\\\/www.imlitexenergy.lt\\\/en\\\/electricity-supply\\\/for-business\\\/variable-price\\\/\"]}]},{\"@type\":\"ImageObject\",\"inLanguage\":\"en-US\",\"@id\":\"https:\\\/\\\/www.imlitexenergy.lt\\\/en\\\/electricity-supply\\\/for-business\\\/variable-price\\\/#primaryimage\",\"url\":\"https:\\\/\\\/www.imlitexenergy.lt\\\/wp-content\\\/uploads\\\/2017\\\/01\\\/11.jpg\",\"contentUrl\":\"https:\\\/\\\/www.imlitexenergy.lt\\\/wp-content\\\/uploads\\\/2017\\\/01\\\/11.jpg\",\"width\":1598,\"height\":253,\"caption\":\"Kintamos Kainos Planas \u012emon\u0117ms\"},{\"@type\":\"BreadcrumbList\",\"@id\":\"https:\\\/\\\/www.imlitexenergy.lt\\\/en\\\/electricity-supply\\\/for-business\\\/variable-price\\\/#breadcrumb\",\"itemListElement\":[{\"@type\":\"ListItem\",\"position\":1,\"name\":\"Home\",\"item\":\"https:\\\/\\\/www.imlitexenergy.lt\\\/\"},{\"@type\":\"ListItem\",\"position\":2,\"name\":\"ELECTRICITY SUPPLY\",\"item\":\"https:\\\/\\\/www.imlitexenergy.lt\\\/en\\\/electricity-supply\\\/\"},{\"@type\":\"ListItem\",\"position\":3,\"name\":\"FOR BUSINESS\",\"item\":\"https:\\\/\\\/www.imlitexenergy.lt\\\/en\\\/electricity-supply\\\/for-business\\\/\"},{\"@type\":\"ListItem\",\"position\":4,\"name\":\"Variable price\"}]},{\"@type\":\"WebSite\",\"@id\":\"https:\\\/\\\/www.imlitexenergy.lt\\\/#website\",\"url\":\"https:\\\/\\\/www.imlitexenergy.lt\\\/\",\"name\":\"IMLITEX ENERGY\",\"description\":\"Nepriklausomas gamtini\u0173 duj\u0173 ir elektros energijos tiek\u0117jas Baltijos \u0161alyse. Galimyb\u0117 tiekti neribot\u0105 kiek\u012f elektros, pagamintos i\u0161 atsinaujinan\u010di\u0173 energijos \u0161altini\u0173.\",\"publisher\":{\"@id\":\"https:\\\/\\\/www.imlitexenergy.lt\\\/#organization\"},\"potentialAction\":[{\"@type\":\"SearchAction\",\"target\":{\"@type\":\"EntryPoint\",\"urlTemplate\":\"https:\\\/\\\/www.imlitexenergy.lt\\\/?s={search_term_string}\"},\"query-input\":{\"@type\":\"PropertyValueSpecification\",\"valueRequired\":true,\"valueName\":\"search_term_string\"}}],\"inLanguage\":\"en-US\"},{\"@type\":\"Organization\",\"@id\":\"https:\\\/\\\/www.imlitexenergy.lt\\\/#organization\",\"name\":\"UAB Imlitex\",\"url\":\"https:\\\/\\\/www.imlitexenergy.lt\\\/\",\"logo\":{\"@type\":\"ImageObject\",\"inLanguage\":\"en-US\",\"@id\":\"https:\\\/\\\/www.imlitexenergy.lt\\\/#\\\/schema\\\/logo\\\/image\\\/\",\"url\":\"https:\\\/\\\/www.imlitexenergy.lt\\\/wp-content\\\/uploads\\\/2017\\\/07\\\/logo_3.png\",\"contentUrl\":\"https:\\\/\\\/www.imlitexenergy.lt\\\/wp-content\\\/uploads\\\/2017\\\/07\\\/logo_3.png\",\"width\":500,\"height\":56,\"caption\":\"UAB Imlitex\"},\"image\":{\"@id\":\"https:\\\/\\\/www.imlitexenergy.lt\\\/#\\\/schema\\\/logo\\\/image\\\/\"}}]}<\/script>\n<!-- \/ Yoast SEO plugin. -->","yoast_head_json":{"title":"Variable price - IMLITEX ENERGY","robots":{"index":"index","follow":"follow","max-snippet":"max-snippet:-1","max-image-preview":"max-image-preview:large","max-video-preview":"max-video-preview:-1"},"canonical":"https:\/\/www.imlitexenergy.lt\/en\/electricity-supply\/for-business\/variable-price\/","og_locale":"en_US","og_type":"article","og_title":"Variable price - IMLITEX ENERGY","og_description":"VARIABLE PRICE &nbsp; &nbsp;","og_url":"https:\/\/www.imlitexenergy.lt\/en\/electricity-supply\/for-business\/variable-price\/","og_site_name":"IMLITEX ENERGY","article_modified_time":"2018-07-04T10:07:51+00:00","og_image":[{"width":1598,"height":253,"url":"https:\/\/www.imlitexenergy.lt\/wp-content\/uploads\/2017\/01\/11.jpg","type":"image\/jpeg"}],"twitter_card":"summary_large_image","schema":{"@context":"https:\/\/schema.org","@graph":[{"@type":"WebPage","@id":"https:\/\/www.imlitexenergy.lt\/en\/electricity-supply\/for-business\/variable-price\/","url":"https:\/\/www.imlitexenergy.lt\/en\/electricity-supply\/for-business\/variable-price\/","name":"Variable price - IMLITEX ENERGY","isPartOf":{"@id":"https:\/\/www.imlitexenergy.lt\/#website"},"primaryImageOfPage":{"@id":"https:\/\/www.imlitexenergy.lt\/en\/electricity-supply\/for-business\/variable-price\/#primaryimage"},"image":{"@id":"https:\/\/www.imlitexenergy.lt\/en\/electricity-supply\/for-business\/variable-price\/#primaryimage"},"thumbnailUrl":"https:\/\/www.imlitexenergy.lt\/wp-content\/uploads\/2017\/01\/11.jpg","datePublished":"2017-01-03T10:12:12+00:00","dateModified":"2018-07-04T10:07:51+00:00","breadcrumb":{"@id":"https:\/\/www.imlitexenergy.lt\/en\/electricity-supply\/for-business\/variable-price\/#breadcrumb"},"inLanguage":"en-US","potentialAction":[{"@type":"ReadAction","target":["https:\/\/www.imlitexenergy.lt\/en\/electricity-supply\/for-business\/variable-price\/"]}]},{"@type":"ImageObject","inLanguage":"en-US","@id":"https:\/\/www.imlitexenergy.lt\/en\/electricity-supply\/for-business\/variable-price\/#primaryimage","url":"https:\/\/www.imlitexenergy.lt\/wp-content\/uploads\/2017\/01\/11.jpg","contentUrl":"https:\/\/www.imlitexenergy.lt\/wp-content\/uploads\/2017\/01\/11.jpg","width":1598,"height":253,"caption":"Kintamos Kainos Planas \u012emon\u0117ms"},{"@type":"BreadcrumbList","@id":"https:\/\/www.imlitexenergy.lt\/en\/electricity-supply\/for-business\/variable-price\/#breadcrumb","itemListElement":[{"@type":"ListItem","position":1,"name":"Home","item":"https:\/\/www.imlitexenergy.lt\/"},{"@type":"ListItem","position":2,"name":"ELECTRICITY SUPPLY","item":"https:\/\/www.imlitexenergy.lt\/en\/electricity-supply\/"},{"@type":"ListItem","position":3,"name":"FOR BUSINESS","item":"https:\/\/www.imlitexenergy.lt\/en\/electricity-supply\/for-business\/"},{"@type":"ListItem","position":4,"name":"Variable price"}]},{"@type":"WebSite","@id":"https:\/\/www.imlitexenergy.lt\/#website","url":"https:\/\/www.imlitexenergy.lt\/","name":"IMLITEX ENERGY","description":"Nepriklausomas gamtini\u0173 duj\u0173 ir elektros energijos tiek\u0117jas Baltijos \u0161alyse. Galimyb\u0117 tiekti neribot\u0105 kiek\u012f elektros, pagamintos i\u0161 atsinaujinan\u010di\u0173 energijos \u0161altini\u0173.","publisher":{"@id":"https:\/\/www.imlitexenergy.lt\/#organization"},"potentialAction":[{"@type":"SearchAction","target":{"@type":"EntryPoint","urlTemplate":"https:\/\/www.imlitexenergy.lt\/?s={search_term_string}"},"query-input":{"@type":"PropertyValueSpecification","valueRequired":true,"valueName":"search_term_string"}}],"inLanguage":"en-US"},{"@type":"Organization","@id":"https:\/\/www.imlitexenergy.lt\/#organization","name":"UAB Imlitex","url":"https:\/\/www.imlitexenergy.lt\/","logo":{"@type":"ImageObject","inLanguage":"en-US","@id":"https:\/\/www.imlitexenergy.lt\/#\/schema\/logo\/image\/","url":"https:\/\/www.imlitexenergy.lt\/wp-content\/uploads\/2017\/07\/logo_3.png","contentUrl":"https:\/\/www.imlitexenergy.lt\/wp-content\/uploads\/2017\/07\/logo_3.png","width":500,"height":56,"caption":"UAB Imlitex"},"image":{"@id":"https:\/\/www.imlitexenergy.lt\/#\/schema\/logo\/image\/"}}]}},"_links":{"self":[{"href":"https:\/\/www.imlitexenergy.lt\/en\/wp-json\/wp\/v2\/pages\/524","targetHints":{"allow":["GET"]}}],"collection":[{"href":"https:\/\/www.imlitexenergy.lt\/en\/wp-json\/wp\/v2\/pages"}],"about":[{"href":"https:\/\/www.imlitexenergy.lt\/en\/wp-json\/wp\/v2\/types\/page"}],"author":[{"embeddable":true,"href":"https:\/\/www.imlitexenergy.lt\/en\/wp-json\/wp\/v2\/users\/12"}],"replies":[{"embeddable":true,"href":"https:\/\/www.imlitexenergy.lt\/en\/wp-json\/wp\/v2\/comments?post=524"}],"version-history":[{"count":8,"href":"https:\/\/www.imlitexenergy.lt\/en\/wp-json\/wp\/v2\/pages\/524\/revisions"}],"predecessor-version":[{"id":1213,"href":"https:\/\/www.imlitexenergy.lt\/en\/wp-json\/wp\/v2\/pages\/524\/revisions\/1213"}],"up":[{"embeddable":true,"href":"https:\/\/www.imlitexenergy.lt\/en\/wp-json\/wp\/v2\/pages\/521"}],"wp:featuredmedia":[{"embeddable":true,"href":"https:\/\/www.imlitexenergy.lt\/en\/wp-json\/wp\/v2\/media\/635"}],"wp:attachment":[{"href":"https:\/\/www.imlitexenergy.lt\/en\/wp-json\/wp\/v2\/media?parent=524"}],"curies":[{"name":"wp","href":"https:\/\/api.w.org\/{rel}","templated":true}]}}