{"id":2074,"date":"2021-08-23T13:33:21","date_gmt":"2021-08-23T13:33:21","guid":{"rendered":"https:\/\/www.imlitexenergy.lt\/?page_id=2074"},"modified":"2021-09-17T14:05:20","modified_gmt":"2021-09-17T14:05:20","slug":"cookie-statement","status":"publish","type":"page","link":"https:\/\/www.imlitexenergy.lt\/en\/electricity-supply\/cookie-statement\/","title":{"rendered":"Cookie statement"},"content":{"rendered":"<p><strong>COOKIE STATEMENT<\/strong><\/p>\n<p>In this Cookie statement, we inform You about the technologies used in this website, which help ensure the proper functioning of the website, or monitor and analyse the behaviour of visitors of the website during their browsing sessions.<\/p>\n<p><strong>WHAT ARE COOKIES?\u00a0<\/strong><\/p>\n<p>A cookie is a small text file that a website sends to your web browser when you visit it and stores it on the device that you are using. For this reason, the site may &#8220;remember&#8221; your actions and options (such as registration name, language, font size, and other display options) for a certain period of time so that you do not have to re-enter them each time you visit the site.<\/p>\n<p>The websites use own and\/or third party cookies. According to the function they perform, cookies are classified to:<\/p>\n<ul>\n<li><strong>Required cookies.<\/strong>\u202fThese cookies activate the basic browsing or access functions of the website. Without these cookies, the website will not work properly.<\/li>\n<li><strong>Functional or technical cookies.<\/strong>\u202fWith these cookies, the website remembers information about its functioning and appearance, e.g., the visitor\u2018s chosen language or region.<\/li>\n<li><strong>Statistical or analytic cookies<\/strong> that collect anonymous information aggregated into reports that allow the website owner to understand how visitors use the website.<\/li>\n<li><strong>Marketing or advertising cookies.<\/strong>\u202fThey are used to track visitors on many websites in order to serve ads that are tailored to them. They also limit the number of ads displayed and help evaluate the effectiveness of advertising campaigns. They are mostly cookies of third-party advertisers.<\/li>\n<\/ul>\n<p>Cookies are divided into <strong>session<\/strong> and <strong>persistent<\/strong> cookies according to their validity period.<\/p>\n<p>In terms of the location of their creation, there are two types of cookies:<\/p>\n<ul>\n<li><strong>First-party or own cookies<\/strong> are created on the website you are visiting.<\/li>\n<li><strong>Third-party cookies<\/strong> are created by other websites. Certain content displayed in your visited website, e.g., adverts or pictures, belongs to these websites.<\/li>\n<\/ul>\n<p><strong>Trackers<\/strong> and digital fingerprinting are more complex technologies, which operate without cookies (files planted in the user\u2018s device). For example, when tracking pixels\/tags are used in the webpage, each time the user accesses a certain part of the webpage, a \u201cpicture\u201d the size of 1 pixel is loaded \u2013 that way the server learns that a particular user with a particular IP address was in that part of the webpage, and this information is saved in the server. If the user does not consent to the collection of personal data, such elements of the webpage are disabled immediately. Digital fingerprinting is particularly precise, generated according to the user\u2018s smart device, and unique IDs allow to identify that the same user is visiting the webpage.<\/p>\n<p><strong>Web beacons<\/strong>, uXDT, or Ultrasonic tracking technology operate in a way that, while visiting the website, the computer generates an ultrasound signal inaudible for people, but received by other smart devices, in which a certain app is operating at that time. To use this technology, it is necessary to assess its effect on personal data protection.<\/p>\n<p><strong>HOW DO WE USE COOKIES?<\/strong><\/p>\n<p>We use cookies so that:<\/p>\n<ul>\n<li>the website could recognize you and remember your settings and preferences;<\/li>\n<li>by analysing your actions on the website, we could constantly improve its performance.<\/li>\n<\/ul>\n<p>We do not use cookies to identify You. The cookies on our website are not used for any purpose other than those described here.<\/p>\n<p><strong>WHAT COOKIES DO WE USE?<\/strong><\/p>\n<p>We use the following cookies on the website:<\/p>\n<table width=\"0\">\n<tbody>\n<tr>\n<td width=\"84\">Title<\/td>\n<td width=\"122\">COOKIE CATEGORY<\/td>\n<td width=\"337\">Description<\/td>\n<td width=\"78\">Validity<\/td>\n<\/tr>\n<tr>\n<td width=\"84\">_gat_gtag_UA_102505559_1<\/td>\n<td width=\"122\">Required cookie<\/td>\n<td width=\"337\">Cookie used to restrict the number of requests.<\/td>\n<td width=\"78\">Until the closing of the webpage<\/td>\n<\/tr>\n<tr>\n<td width=\"84\">accept_cookie<\/td>\n<td width=\"122\">Required cookie<\/td>\n<td width=\"337\">The cookie responsible for storing user preferences of cookie notification bar<\/td>\n<td width=\"78\">10 years<\/td>\n<\/tr>\n<tr>\n<td width=\"84\">NID<\/td>\n<td width=\"122\">Functional cookie<\/td>\n<td width=\"337\">Cookie ensuring proper functioning of a Google Maps plug-in in the website<\/td>\n<td width=\"78\">6 months<\/td>\n<\/tr>\n<tr>\n<td width=\"84\">bscookie<\/td>\n<td width=\"122\">Functional cookie<\/td>\n<td width=\"337\">This cookie is used by LinkedIn to identify a secure browser ID.<\/td>\n<td width=\"78\">2 years<\/td>\n<\/tr>\n<tr>\n<td width=\"84\">bcookie<\/td>\n<td width=\"122\">Functional cookie<\/td>\n<td width=\"337\">This cookie is used by LinkedIn to identify browser\u2019s ID. It is set using the share buttons and ad tags.<\/td>\n<td width=\"78\">2 years<\/td>\n<\/tr>\n<tr>\n<td width=\"84\">lang<\/td>\n<td width=\"122\">Functional cookie<\/td>\n<td width=\"337\">\u00a0LinkedIn cookie which is used to set the default language.<\/td>\n<td width=\"78\">Until the closing of the webpage<\/td>\n<\/tr>\n<tr>\n<td width=\"84\">1P_JAR<\/td>\n<td width=\"122\">Analytic cookie<\/td>\n<td width=\"337\">Cookie used to gather the website\u2018s statistics and track conversion numbers.<\/td>\n<td width=\"78\">1 months<\/td>\n<\/tr>\n<tr>\n<td width=\"84\">UserMatchHistory<\/td>\n<td width=\"122\">Analytic cookie<\/td>\n<td width=\"337\">This website uses LinkedIn to observe users\u2018 activity in our website and to offer better advertising<\/td>\n<td width=\"78\">1 months<\/td>\n<\/tr>\n<tr>\n<td width=\"84\">lidc<\/td>\n<td width=\"122\">Analytic cookie<\/td>\n<td width=\"337\">This LinkedIn cookie is used when directing from buttons \u201cShare\u201d and ad tags<\/td>\n<td width=\"78\">1 day<\/td>\n<\/tr>\n<tr>\n<td width=\"84\">_ga<\/td>\n<td width=\"122\">Analytic cookie<\/td>\n<td width=\"337\">Google Analytics cookies for identifying users.<\/td>\n<td width=\"78\">2 years<\/td>\n<\/tr>\n<tr>\n<td width=\"84\">_gid<\/td>\n<td width=\"122\">Analytic cookie<\/td>\n<td width=\"337\">Google Analytics cookies for identifying users.<\/td>\n<td width=\"78\">1 day<\/td>\n<\/tr>\n<tr>\n<td width=\"84\">AnalyticsSyncHistory<\/td>\n<td width=\"122\">Analytic cookie<\/td>\n<td width=\"337\">LinkedIn cookie is used to store information about synchronization time and identification of the country.<\/td>\n<td width=\"78\">1 months<\/td>\n<\/tr>\n<tr>\n<td width=\"84\">CONSENT<\/td>\n<td width=\"122\">Marketing cookie<\/td>\n<td width=\"337\">Cookie used to collect a profile on the user\u2018s actions.<\/td>\n<td width=\"78\">17 years<\/td>\n<\/tr>\n<tr>\n<td width=\"84\">IDE<\/td>\n<td width=\"122\">Marketing cookie<\/td>\n<td width=\"337\">Google doubleclick service cookies. Intended to show the user respective ads (topics of concern to him) in other Google platforms, such as YouTube, Google Search. Personalise ads showed to the user on all his devices.<\/td>\n<td width=\"78\">10 months<\/td>\n<\/tr>\n<\/tbody>\n<\/table>\n<p><strong>\u00a0<\/strong><\/p>\n<p><strong>THIRD-PARTY SERVICES\u00a0<\/strong><\/p>\n<p>We constantly use Google Analytics analysing software from Google LLC in order to optimize marketing notifications. It allows tracking behaviour online: time spent on the website, geographical location, and use of the Internet website. This information is collected using tracking pixels and (or) cookies. Information acquired through tracking pixels and (or) cookies is anonymous and not linked to personal data. Google processes personal information in its servers in various countries. Personal information may be processed in a server which is not in the user\u2018s resident country. We do not share this information with any third parties which would have free access to it. If you do no consent to analysis, you can submit your dissent to the processing of Your data here: <a href=\"https:\/\/tools.google.com\/dlpage\/gaoptout\">https:\/\/tools.google.com\/dlpage\/gaoptout<\/a>.<\/p>\n<p>Because this website has relations to third-party communication channels Facebook, Instagram, Pinterest, Linkedin, and Youtube, onto which we upload information about the Company\u2018s activity, the cookies of these data processers allow us to receive summarized statistical data and insights into how visitors interact with our posts, adverts, this website, video recordings, and other content on these social media platforms.<\/p>\n<p>Aiming to provide our website\u2018s visitors with an opportunity to contact us as operatively as possible, we have installed a plug-in by Facebook\u2019s Messenger.<\/p>\n<p>You can find out more about the monitoring technology of third-party used in our website here:<\/p>\n<table width=\"641\">\n<tbody>\n<tr>\n<td width=\"84\">Cookie identifier<\/td>\n<td width=\"112\">Description<\/td>\n<td width=\"56\">Creating point<\/td>\n<td width=\"390\">Term of validity<\/td>\n<\/tr>\n<tr>\n<td width=\"84\">User monitoring technologies used by Facebook and Messenger<\/td>\n<td width=\"112\">Facebook visitor and Messenger user monitoring technologies are used to identify the visitor, monitor his \/ her behaviour and improve the content.<\/td>\n<td width=\"56\">During the visit<\/td>\n<td width=\"390\">More information on Facebook and Facebook Messenger cookies: <a href=\"https:\/\/www.facebook.com\/policies\/cookies\">https:\/\/www.facebook.com\/policies\/cookies<\/a><\/td>\n<\/tr>\n<tr>\n<td width=\"84\">Visitor monitoring technologies used by Linkedin<\/td>\n<td width=\"112\">LinkedIn&#8217;s visitor tracking technologies are used to identify the visitor, ensure the security of his\/her account, monitor his\/her behaviour and deliver customized content, including advertisements.<\/td>\n<td width=\"56\">During the visit<\/td>\n<td width=\"390\">More information on Linkedin cookies:\u00a0<a href=\"https:\/\/www.linkedin.com\/legal\/cookie-policy\">https:\/\/www.linkedin.com\/legal\/cookie-policy<\/a><\/td>\n<\/tr>\n<\/tbody>\n<\/table>\n<p>&nbsp;<\/p>\n<p><strong>HOW TO MANAGE COOKIES?<\/strong><\/p>\n<p>In order for the website to function properly, you do not have to accept all the cookies used here but doing so will make browsing easier for you. You can block all but the necessary cookies, however, some features of this website may not work as intended and you may need to reset some preferences each time you visit our website.<\/p>\n<p>Most browsers allow you to:<\/p>\n<ul>\n<li>check what cookies are stored and to delete cookies one by one;<\/li>\n<li>block all third-party cookies;<\/li>\n<li>block cookies from specific websites;<\/li>\n<li>block all cookies on the website;<\/li>\n<li>delete all cookie preferences when closing the browser.<\/li>\n<\/ul>\n<p><strong>HOW TO DISABLE COOKIES?<\/strong><\/p>\n<p>You can reject cookies by resetting your cookie settings on the homepage of our website<\/p>\n<p>The standard settings on any browser allow changing cookie settings.\u00a0 These settings are usually found in Settings, Internet Options, etc. menu of your browser:<\/p>\n<ul>\n<li>Cookie settings in <a href=\"https:\/\/support.microsoft.com\/en-us\/windows\/delete-and-manage-cookies-168dab11-0753-043d-7c16-ede5947fc64d#ie=ie-10\">Internet Explorer<\/a>;<\/li>\n<li>Cookie settings in <a href=\"http:\/\/support.mozilla.com\/en-US\/kb\/Cookies\">Firefox<\/a>;<\/li>\n<li>Cookie settings in <a href=\"https:\/\/support.google.com\/chrome\/answer\/95647?hl=en&amp;ref_topic=14666\">Chrome<\/a>;<\/li>\n<li>Cookie settings in <a href=\"https:\/\/support.apple.com\/kb\/PH17191?locale=en_US\">Safari<\/a> web and <a href=\"http:\/\/support.apple.com\/kb\/HT1677\">iOS<\/a>;<\/li>\n<li>Cookie settings in <a href=\"https:\/\/support.microsoft.com\/en-us\/help\/4027947\/microsoft-edge-delete-cookies\">Microsoft Edge<\/a>;<\/li>\n<li>Cookie settings in <a href=\"https:\/\/www.opera.com\/case-studies\/clean-browser-and-remove-trackers\">Opera<\/a>.<\/li>\n<\/ul>\n<p>If you do not agree to the placement of cookies on your computer or other device, you can revoke your consent to use them at any time by changing the settings and deleting the stored cookies. If you choose to delete your cookies, please keep in mind that all your customised preferences will be removed as well. In addition, many websites, including our website, will not function properly if cookies are completely blocked.\u00a0 For these reasons, we do not recommend disabling cookies when you use our website.<\/p>\n<p>You should note that, for the website to function properly, \u201cRequired cookies\u201d are needed, these cookies cannot be disabled.<\/p>\n<p><strong>VERSIONS OF THE COOKIE STATEMENT\u00a0<\/strong><\/p>\n<p>We regularly review the cookies used on the website and, if necessary, notify you of any material changes to the visitor tracking technology used here by updating this Cookie Statement.<\/p>\n<p>The latest revision of this statement was made on 31.05.2021.<\/p>\n","protected":false},"excerpt":{"rendered":"<p>COOKIE STATEMENT In this Cookie statement, we inform You about the technologies used in this website, which help ensure the proper functioning of the website, or monitor and analyse the behaviour of visitors of the website during their browsing sessions. WHAT ARE COOKIES?\u00a0 A cookie is a small text file that a website sends to [&hellip;]<\/p>\n","protected":false},"author":12,"featured_media":0,"parent":1064,"menu_order":0,"comment_status":"closed","ping_status":"closed","template":"no-children.php","meta":{"_acf_changed":false,"footnotes":""},"class_list":["post-2074","page","type-page","status-publish","hentry"],"acf":[],"yoast_head":"<!-- This site is optimized with the Yoast SEO plugin v27.5 - https:\/\/yoast.com\/product\/yoast-seo-wordpress\/ -->\n<title>Cookie statement - IMLITEX ENERGY<\/title>\n<meta name=\"robots\" content=\"index, follow, max-snippet:-1, max-image-preview:large, max-video-preview:-1\" \/>\n<link rel=\"canonical\" href=\"https:\/\/www.imlitexenergy.lt\/en\/electricity-supply\/cookie-statement\/\" \/>\n<meta property=\"og:locale\" content=\"en_US\" \/>\n<meta property=\"og:type\" content=\"article\" \/>\n<meta property=\"og:title\" content=\"Cookie statement - IMLITEX ENERGY\" \/>\n<meta property=\"og:description\" content=\"COOKIE STATEMENT In this Cookie statement, we inform You about the technologies used in this website, which help ensure the proper functioning of the website, or monitor and analyse the behaviour of visitors of the website during their browsing sessions. WHAT ARE COOKIES?\u00a0 A cookie is a small text file that a website sends to [&hellip;]\" \/>\n<meta property=\"og:url\" content=\"https:\/\/www.imlitexenergy.lt\/en\/electricity-supply\/cookie-statement\/\" \/>\n<meta property=\"og:site_name\" content=\"IMLITEX ENERGY\" \/>\n<meta property=\"article:modified_time\" content=\"2021-09-17T14:05:20+00:00\" \/>\n<meta name=\"twitter:card\" content=\"summary_large_image\" \/>\n<meta name=\"twitter:label1\" content=\"Est. reading time\" \/>\n\t<meta name=\"twitter:data1\" content=\"7 minutes\" \/>\n<script type=\"application\/ld+json\" class=\"yoast-schema-graph\">{\"@context\":\"https:\\\/\\\/schema.org\",\"@graph\":[{\"@type\":\"WebPage\",\"@id\":\"https:\\\/\\\/www.imlitexenergy.lt\\\/en\\\/electricity-supply\\\/cookie-statement\\\/\",\"url\":\"https:\\\/\\\/www.imlitexenergy.lt\\\/en\\\/electricity-supply\\\/cookie-statement\\\/\",\"name\":\"Cookie statement - IMLITEX ENERGY\",\"isPartOf\":{\"@id\":\"https:\\\/\\\/www.imlitexenergy.lt\\\/#website\"},\"datePublished\":\"2021-08-23T13:33:21+00:00\",\"dateModified\":\"2021-09-17T14:05:20+00:00\",\"breadcrumb\":{\"@id\":\"https:\\\/\\\/www.imlitexenergy.lt\\\/en\\\/electricity-supply\\\/cookie-statement\\\/#breadcrumb\"},\"inLanguage\":\"en-US\",\"potentialAction\":[{\"@type\":\"ReadAction\",\"target\":[\"https:\\\/\\\/www.imlitexenergy.lt\\\/en\\\/electricity-supply\\\/cookie-statement\\\/\"]}]},{\"@type\":\"BreadcrumbList\",\"@id\":\"https:\\\/\\\/www.imlitexenergy.lt\\\/en\\\/electricity-supply\\\/cookie-statement\\\/#breadcrumb\",\"itemListElement\":[{\"@type\":\"ListItem\",\"position\":1,\"name\":\"Home\",\"item\":\"https:\\\/\\\/www.imlitexenergy.lt\\\/\"},{\"@type\":\"ListItem\",\"position\":2,\"name\":\"ELECTRICITY SUPPLY\",\"item\":\"https:\\\/\\\/www.imlitexenergy.lt\\\/en\\\/electricity-supply\\\/\"},{\"@type\":\"ListItem\",\"position\":3,\"name\":\"Cookie statement\"}]},{\"@type\":\"WebSite\",\"@id\":\"https:\\\/\\\/www.imlitexenergy.lt\\\/#website\",\"url\":\"https:\\\/\\\/www.imlitexenergy.lt\\\/\",\"name\":\"IMLITEX ENERGY\",\"description\":\"Nepriklausomas gamtini\u0173 duj\u0173 ir elektros energijos tiek\u0117jas Baltijos \u0161alyse. Galimyb\u0117 tiekti neribot\u0105 kiek\u012f elektros, pagamintos i\u0161 atsinaujinan\u010di\u0173 energijos \u0161altini\u0173.\",\"publisher\":{\"@id\":\"https:\\\/\\\/www.imlitexenergy.lt\\\/#organization\"},\"potentialAction\":[{\"@type\":\"SearchAction\",\"target\":{\"@type\":\"EntryPoint\",\"urlTemplate\":\"https:\\\/\\\/www.imlitexenergy.lt\\\/?s={search_term_string}\"},\"query-input\":{\"@type\":\"PropertyValueSpecification\",\"valueRequired\":true,\"valueName\":\"search_term_string\"}}],\"inLanguage\":\"en-US\"},{\"@type\":\"Organization\",\"@id\":\"https:\\\/\\\/www.imlitexenergy.lt\\\/#organization\",\"name\":\"UAB Imlitex\",\"url\":\"https:\\\/\\\/www.imlitexenergy.lt\\\/\",\"logo\":{\"@type\":\"ImageObject\",\"inLanguage\":\"en-US\",\"@id\":\"https:\\\/\\\/www.imlitexenergy.lt\\\/#\\\/schema\\\/logo\\\/image\\\/\",\"url\":\"https:\\\/\\\/www.imlitexenergy.lt\\\/wp-content\\\/uploads\\\/2017\\\/07\\\/logo_3.png\",\"contentUrl\":\"https:\\\/\\\/www.imlitexenergy.lt\\\/wp-content\\\/uploads\\\/2017\\\/07\\\/logo_3.png\",\"width\":500,\"height\":56,\"caption\":\"UAB Imlitex\"},\"image\":{\"@id\":\"https:\\\/\\\/www.imlitexenergy.lt\\\/#\\\/schema\\\/logo\\\/image\\\/\"}}]}<\/script>\n<!-- \/ Yoast SEO plugin. -->","yoast_head_json":{"title":"Cookie statement - IMLITEX ENERGY","robots":{"index":"index","follow":"follow","max-snippet":"max-snippet:-1","max-image-preview":"max-image-preview:large","max-video-preview":"max-video-preview:-1"},"canonical":"https:\/\/www.imlitexenergy.lt\/en\/electricity-supply\/cookie-statement\/","og_locale":"en_US","og_type":"article","og_title":"Cookie statement - IMLITEX ENERGY","og_description":"COOKIE STATEMENT In this Cookie statement, we inform You about the technologies used in this website, which help ensure the proper functioning of the website, or monitor and analyse the behaviour of visitors of the website during their browsing sessions. WHAT ARE COOKIES?\u00a0 A cookie is a small text file that a website sends to [&hellip;]","og_url":"https:\/\/www.imlitexenergy.lt\/en\/electricity-supply\/cookie-statement\/","og_site_name":"IMLITEX ENERGY","article_modified_time":"2021-09-17T14:05:20+00:00","twitter_card":"summary_large_image","twitter_misc":{"Est. reading time":"7 minutes"},"schema":{"@context":"https:\/\/schema.org","@graph":[{"@type":"WebPage","@id":"https:\/\/www.imlitexenergy.lt\/en\/electricity-supply\/cookie-statement\/","url":"https:\/\/www.imlitexenergy.lt\/en\/electricity-supply\/cookie-statement\/","name":"Cookie statement - IMLITEX ENERGY","isPartOf":{"@id":"https:\/\/www.imlitexenergy.lt\/#website"},"datePublished":"2021-08-23T13:33:21+00:00","dateModified":"2021-09-17T14:05:20+00:00","breadcrumb":{"@id":"https:\/\/www.imlitexenergy.lt\/en\/electricity-supply\/cookie-statement\/#breadcrumb"},"inLanguage":"en-US","potentialAction":[{"@type":"ReadAction","target":["https:\/\/www.imlitexenergy.lt\/en\/electricity-supply\/cookie-statement\/"]}]},{"@type":"BreadcrumbList","@id":"https:\/\/www.imlitexenergy.lt\/en\/electricity-supply\/cookie-statement\/#breadcrumb","itemListElement":[{"@type":"ListItem","position":1,"name":"Home","item":"https:\/\/www.imlitexenergy.lt\/"},{"@type":"ListItem","position":2,"name":"ELECTRICITY SUPPLY","item":"https:\/\/www.imlitexenergy.lt\/en\/electricity-supply\/"},{"@type":"ListItem","position":3,"name":"Cookie statement"}]},{"@type":"WebSite","@id":"https:\/\/www.imlitexenergy.lt\/#website","url":"https:\/\/www.imlitexenergy.lt\/","name":"IMLITEX ENERGY","description":"Nepriklausomas gamtini\u0173 duj\u0173 ir elektros energijos tiek\u0117jas Baltijos \u0161alyse. Galimyb\u0117 tiekti neribot\u0105 kiek\u012f elektros, pagamintos i\u0161 atsinaujinan\u010di\u0173 energijos \u0161altini\u0173.","publisher":{"@id":"https:\/\/www.imlitexenergy.lt\/#organization"},"potentialAction":[{"@type":"SearchAction","target":{"@type":"EntryPoint","urlTemplate":"https:\/\/www.imlitexenergy.lt\/?s={search_term_string}"},"query-input":{"@type":"PropertyValueSpecification","valueRequired":true,"valueName":"search_term_string"}}],"inLanguage":"en-US"},{"@type":"Organization","@id":"https:\/\/www.imlitexenergy.lt\/#organization","name":"UAB Imlitex","url":"https:\/\/www.imlitexenergy.lt\/","logo":{"@type":"ImageObject","inLanguage":"en-US","@id":"https:\/\/www.imlitexenergy.lt\/#\/schema\/logo\/image\/","url":"https:\/\/www.imlitexenergy.lt\/wp-content\/uploads\/2017\/07\/logo_3.png","contentUrl":"https:\/\/www.imlitexenergy.lt\/wp-content\/uploads\/2017\/07\/logo_3.png","width":500,"height":56,"caption":"UAB Imlitex"},"image":{"@id":"https:\/\/www.imlitexenergy.lt\/#\/schema\/logo\/image\/"}}]}},"_links":{"self":[{"href":"https:\/\/www.imlitexenergy.lt\/en\/wp-json\/wp\/v2\/pages\/2074","targetHints":{"allow":["GET"]}}],"collection":[{"href":"https:\/\/www.imlitexenergy.lt\/en\/wp-json\/wp\/v2\/pages"}],"about":[{"href":"https:\/\/www.imlitexenergy.lt\/en\/wp-json\/wp\/v2\/types\/page"}],"author":[{"embeddable":true,"href":"https:\/\/www.imlitexenergy.lt\/en\/wp-json\/wp\/v2\/users\/12"}],"replies":[{"embeddable":true,"href":"https:\/\/www.imlitexenergy.lt\/en\/wp-json\/wp\/v2\/comments?post=2074"}],"version-history":[{"count":3,"href":"https:\/\/www.imlitexenergy.lt\/en\/wp-json\/wp\/v2\/pages\/2074\/revisions"}],"predecessor-version":[{"id":2107,"href":"https:\/\/www.imlitexenergy.lt\/en\/wp-json\/wp\/v2\/pages\/2074\/revisions\/2107"}],"up":[{"embeddable":true,"href":"https:\/\/www.imlitexenergy.lt\/en\/wp-json\/wp\/v2\/pages\/1064"}],"wp:attachment":[{"href":"https:\/\/www.imlitexenergy.lt\/en\/wp-json\/wp\/v2\/media?parent=2074"}],"curies":[{"name":"wp","href":"https:\/\/api.w.org\/{rel}","templated":true}]}}