{"id":1249,"date":"2018-07-05T05:21:15","date_gmt":"2018-07-05T05:21:15","guid":{"rendered":"http:\/\/www.imlitexenergy.lt\/?page_id=1249"},"modified":"2025-04-29T09:34:09","modified_gmt":"2025-04-29T09:34:09","slug":"contacts-gas","status":"publish","type":"page","link":"https:\/\/www.imlitexenergy.lt\/en\/natural-gas-supply\/contacts-gas\/","title":{"rendered":"Contacts"},"content":{"rendered":"","protected":false},"excerpt":{"rendered":"","protected":false},"author":12,"featured_media":1140,"parent":1225,"menu_order":0,"comment_status":"closed","ping_status":"closed","template":"contacts.php","meta":{"_acf_changed":false,"footnotes":""},"class_list":["post-1249","page","type-page","status-publish","has-post-thumbnail","hentry"],"acf":[],"yoast_head":"<!-- This site is optimized with the Yoast SEO plugin v27.4 - https:\/\/yoast.com\/product\/yoast-seo-wordpress\/ -->\n<title>Contacts - IMLITEX ENERGY<\/title>\n<meta name=\"description\" content=\"Natural gas gas trading department contacts\" \/>\n<meta name=\"robots\" content=\"index, follow, max-snippet:-1, max-image-preview:large, max-video-preview:-1\" \/>\n<link rel=\"canonical\" href=\"https:\/\/www.imlitexenergy.lt\/en\/natural-gas-supply\/contacts-gas\/\" \/>\n<meta property=\"og:locale\" content=\"en_US\" \/>\n<meta property=\"og:type\" content=\"article\" \/>\n<meta property=\"og:title\" content=\"Contacts - IMLITEX ENERGY\" \/>\n<meta property=\"og:description\" content=\"Natural gas gas trading department contacts\" \/>\n<meta property=\"og:url\" content=\"https:\/\/www.imlitexenergy.lt\/en\/natural-gas-supply\/contacts-gas\/\" \/>\n<meta property=\"og:site_name\" content=\"IMLITEX ENERGY\" \/>\n<meta property=\"article:modified_time\" content=\"2025-04-29T09:34:09+00:00\" \/>\n<meta property=\"og:image\" content=\"https:\/\/www.imlitexenergy.lt\/wp-content\/uploads\/2018\/06\/Gas_presure.jpg\" \/>\n\t<meta property=\"og:image:width\" content=\"1438\" \/>\n\t<meta property=\"og:image:height\" content=\"465\" \/>\n\t<meta property=\"og:image:type\" content=\"image\/jpeg\" \/>\n<meta name=\"twitter:card\" content=\"summary_large_image\" \/>\n<meta name=\"twitter:label1\" content=\"Est. reading time\" \/>\n\t<meta name=\"twitter:data1\" content=\"1 minute\" \/>\n<script type=\"application\/ld+json\" class=\"yoast-schema-graph\">{\"@context\":\"https:\\\/\\\/schema.org\",\"@graph\":[{\"@type\":\"WebPage\",\"@id\":\"https:\\\/\\\/www.imlitexenergy.lt\\\/en\\\/natural-gas-supply\\\/contacts-gas\\\/\",\"url\":\"https:\\\/\\\/www.imlitexenergy.lt\\\/en\\\/natural-gas-supply\\\/contacts-gas\\\/\",\"name\":\"Contacts - IMLITEX ENERGY\",\"isPartOf\":{\"@id\":\"https:\\\/\\\/www.imlitexenergy.lt\\\/#website\"},\"primaryImageOfPage\":{\"@id\":\"https:\\\/\\\/www.imlitexenergy.lt\\\/en\\\/natural-gas-supply\\\/contacts-gas\\\/#primaryimage\"},\"image\":{\"@id\":\"https:\\\/\\\/www.imlitexenergy.lt\\\/en\\\/natural-gas-supply\\\/contacts-gas\\\/#primaryimage\"},\"thumbnailUrl\":\"https:\\\/\\\/www.imlitexenergy.lt\\\/wp-content\\\/uploads\\\/2018\\\/06\\\/Gas_presure.jpg\",\"datePublished\":\"2018-07-05T05:21:15+00:00\",\"dateModified\":\"2025-04-29T09:34:09+00:00\",\"description\":\"Natural gas gas trading department contacts\",\"breadcrumb\":{\"@id\":\"https:\\\/\\\/www.imlitexenergy.lt\\\/en\\\/natural-gas-supply\\\/contacts-gas\\\/#breadcrumb\"},\"inLanguage\":\"en-US\",\"potentialAction\":[{\"@type\":\"ReadAction\",\"target\":[\"https:\\\/\\\/www.imlitexenergy.lt\\\/en\\\/natural-gas-supply\\\/contacts-gas\\\/\"]}]},{\"@type\":\"ImageObject\",\"inLanguage\":\"en-US\",\"@id\":\"https:\\\/\\\/www.imlitexenergy.lt\\\/en\\\/natural-gas-supply\\\/contacts-gas\\\/#primaryimage\",\"url\":\"https:\\\/\\\/www.imlitexenergy.lt\\\/wp-content\\\/uploads\\\/2018\\\/06\\\/Gas_presure.jpg\",\"contentUrl\":\"https:\\\/\\\/www.imlitexenergy.lt\\\/wp-content\\\/uploads\\\/2018\\\/06\\\/Gas_presure.jpg\",\"width\":1438,\"height\":465},{\"@type\":\"BreadcrumbList\",\"@id\":\"https:\\\/\\\/www.imlitexenergy.lt\\\/en\\\/natural-gas-supply\\\/contacts-gas\\\/#breadcrumb\",\"itemListElement\":[{\"@type\":\"ListItem\",\"position\":1,\"name\":\"Home\",\"item\":\"https:\\\/\\\/www.imlitexenergy.lt\\\/\"},{\"@type\":\"ListItem\",\"position\":2,\"name\":\"Natural gas supply\",\"item\":\"https:\\\/\\\/www.imlitexenergy.lt\\\/en\\\/natural-gas-supply\\\/\"},{\"@type\":\"ListItem\",\"position\":3,\"name\":\"Contacts\"}]},{\"@type\":\"WebSite\",\"@id\":\"https:\\\/\\\/www.imlitexenergy.lt\\\/#website\",\"url\":\"https:\\\/\\\/www.imlitexenergy.lt\\\/\",\"name\":\"IMLITEX ENERGY\",\"description\":\"Nepriklausomas gamtini\u0173 duj\u0173 ir elektros energijos tiek\u0117jas Baltijos \u0161alyse. Galimyb\u0117 tiekti neribot\u0105 kiek\u012f elektros, pagamintos i\u0161 atsinaujinan\u010di\u0173 energijos \u0161altini\u0173.\",\"publisher\":{\"@id\":\"https:\\\/\\\/www.imlitexenergy.lt\\\/#organization\"},\"potentialAction\":[{\"@type\":\"SearchAction\",\"target\":{\"@type\":\"EntryPoint\",\"urlTemplate\":\"https:\\\/\\\/www.imlitexenergy.lt\\\/?s={search_term_string}\"},\"query-input\":{\"@type\":\"PropertyValueSpecification\",\"valueRequired\":true,\"valueName\":\"search_term_string\"}}],\"inLanguage\":\"en-US\"},{\"@type\":\"Organization\",\"@id\":\"https:\\\/\\\/www.imlitexenergy.lt\\\/#organization\",\"name\":\"UAB Imlitex\",\"url\":\"https:\\\/\\\/www.imlitexenergy.lt\\\/\",\"logo\":{\"@type\":\"ImageObject\",\"inLanguage\":\"en-US\",\"@id\":\"https:\\\/\\\/www.imlitexenergy.lt\\\/#\\\/schema\\\/logo\\\/image\\\/\",\"url\":\"https:\\\/\\\/www.imlitexenergy.lt\\\/wp-content\\\/uploads\\\/2017\\\/07\\\/logo_3.png\",\"contentUrl\":\"https:\\\/\\\/www.imlitexenergy.lt\\\/wp-content\\\/uploads\\\/2017\\\/07\\\/logo_3.png\",\"width\":500,\"height\":56,\"caption\":\"UAB Imlitex\"},\"image\":{\"@id\":\"https:\\\/\\\/www.imlitexenergy.lt\\\/#\\\/schema\\\/logo\\\/image\\\/\"}}]}<\/script>\n<!-- \/ Yoast SEO plugin. -->","yoast_head_json":{"title":"Contacts - IMLITEX ENERGY","description":"Natural gas gas trading department contacts","robots":{"index":"index","follow":"follow","max-snippet":"max-snippet:-1","max-image-preview":"max-image-preview:large","max-video-preview":"max-video-preview:-1"},"canonical":"https:\/\/www.imlitexenergy.lt\/en\/natural-gas-supply\/contacts-gas\/","og_locale":"en_US","og_type":"article","og_title":"Contacts - IMLITEX ENERGY","og_description":"Natural gas gas trading department contacts","og_url":"https:\/\/www.imlitexenergy.lt\/en\/natural-gas-supply\/contacts-gas\/","og_site_name":"IMLITEX ENERGY","article_modified_time":"2025-04-29T09:34:09+00:00","og_image":[{"width":1438,"height":465,"url":"https:\/\/www.imlitexenergy.lt\/wp-content\/uploads\/2018\/06\/Gas_presure.jpg","type":"image\/jpeg"}],"twitter_card":"summary_large_image","twitter_misc":{"Est. reading time":"1 minute"},"schema":{"@context":"https:\/\/schema.org","@graph":[{"@type":"WebPage","@id":"https:\/\/www.imlitexenergy.lt\/en\/natural-gas-supply\/contacts-gas\/","url":"https:\/\/www.imlitexenergy.lt\/en\/natural-gas-supply\/contacts-gas\/","name":"Contacts - IMLITEX ENERGY","isPartOf":{"@id":"https:\/\/www.imlitexenergy.lt\/#website"},"primaryImageOfPage":{"@id":"https:\/\/www.imlitexenergy.lt\/en\/natural-gas-supply\/contacts-gas\/#primaryimage"},"image":{"@id":"https:\/\/www.imlitexenergy.lt\/en\/natural-gas-supply\/contacts-gas\/#primaryimage"},"thumbnailUrl":"https:\/\/www.imlitexenergy.lt\/wp-content\/uploads\/2018\/06\/Gas_presure.jpg","datePublished":"2018-07-05T05:21:15+00:00","dateModified":"2025-04-29T09:34:09+00:00","description":"Natural gas gas trading department contacts","breadcrumb":{"@id":"https:\/\/www.imlitexenergy.lt\/en\/natural-gas-supply\/contacts-gas\/#breadcrumb"},"inLanguage":"en-US","potentialAction":[{"@type":"ReadAction","target":["https:\/\/www.imlitexenergy.lt\/en\/natural-gas-supply\/contacts-gas\/"]}]},{"@type":"ImageObject","inLanguage":"en-US","@id":"https:\/\/www.imlitexenergy.lt\/en\/natural-gas-supply\/contacts-gas\/#primaryimage","url":"https:\/\/www.imlitexenergy.lt\/wp-content\/uploads\/2018\/06\/Gas_presure.jpg","contentUrl":"https:\/\/www.imlitexenergy.lt\/wp-content\/uploads\/2018\/06\/Gas_presure.jpg","width":1438,"height":465},{"@type":"BreadcrumbList","@id":"https:\/\/www.imlitexenergy.lt\/en\/natural-gas-supply\/contacts-gas\/#breadcrumb","itemListElement":[{"@type":"ListItem","position":1,"name":"Home","item":"https:\/\/www.imlitexenergy.lt\/"},{"@type":"ListItem","position":2,"name":"Natural gas supply","item":"https:\/\/www.imlitexenergy.lt\/en\/natural-gas-supply\/"},{"@type":"ListItem","position":3,"name":"Contacts"}]},{"@type":"WebSite","@id":"https:\/\/www.imlitexenergy.lt\/#website","url":"https:\/\/www.imlitexenergy.lt\/","name":"IMLITEX ENERGY","description":"Nepriklausomas gamtini\u0173 duj\u0173 ir elektros energijos tiek\u0117jas Baltijos \u0161alyse. Galimyb\u0117 tiekti neribot\u0105 kiek\u012f elektros, pagamintos i\u0161 atsinaujinan\u010di\u0173 energijos \u0161altini\u0173.","publisher":{"@id":"https:\/\/www.imlitexenergy.lt\/#organization"},"potentialAction":[{"@type":"SearchAction","target":{"@type":"EntryPoint","urlTemplate":"https:\/\/www.imlitexenergy.lt\/?s={search_term_string}"},"query-input":{"@type":"PropertyValueSpecification","valueRequired":true,"valueName":"search_term_string"}}],"inLanguage":"en-US"},{"@type":"Organization","@id":"https:\/\/www.imlitexenergy.lt\/#organization","name":"UAB Imlitex","url":"https:\/\/www.imlitexenergy.lt\/","logo":{"@type":"ImageObject","inLanguage":"en-US","@id":"https:\/\/www.imlitexenergy.lt\/#\/schema\/logo\/image\/","url":"https:\/\/www.imlitexenergy.lt\/wp-content\/uploads\/2017\/07\/logo_3.png","contentUrl":"https:\/\/www.imlitexenergy.lt\/wp-content\/uploads\/2017\/07\/logo_3.png","width":500,"height":56,"caption":"UAB Imlitex"},"image":{"@id":"https:\/\/www.imlitexenergy.lt\/#\/schema\/logo\/image\/"}}]}},"_links":{"self":[{"href":"https:\/\/www.imlitexenergy.lt\/en\/wp-json\/wp\/v2\/pages\/1249","targetHints":{"allow":["GET"]}}],"collection":[{"href":"https:\/\/www.imlitexenergy.lt\/en\/wp-json\/wp\/v2\/pages"}],"about":[{"href":"https:\/\/www.imlitexenergy.lt\/en\/wp-json\/wp\/v2\/types\/page"}],"author":[{"embeddable":true,"href":"https:\/\/www.imlitexenergy.lt\/en\/wp-json\/wp\/v2\/users\/12"}],"replies":[{"embeddable":true,"href":"https:\/\/www.imlitexenergy.lt\/en\/wp-json\/wp\/v2\/comments?post=1249"}],"version-history":[{"count":9,"href":"https:\/\/www.imlitexenergy.lt\/en\/wp-json\/wp\/v2\/pages\/1249\/revisions"}],"predecessor-version":[{"id":2244,"href":"https:\/\/www.imlitexenergy.lt\/en\/wp-json\/wp\/v2\/pages\/1249\/revisions\/2244"}],"up":[{"embeddable":true,"href":"https:\/\/www.imlitexenergy.lt\/en\/wp-json\/wp\/v2\/pages\/1225"}],"wp:featuredmedia":[{"embeddable":true,"href":"https:\/\/www.imlitexenergy.lt\/en\/wp-json\/wp\/v2\/media\/1140"}],"wp:attachment":[{"href":"https:\/\/www.imlitexenergy.lt\/en\/wp-json\/wp\/v2\/media?parent=1249"}],"curies":[{"name":"wp","href":"https:\/\/api.w.org\/{rel}","templated":true}]}}