{"id":1064,"date":"2018-06-26T09:07:17","date_gmt":"2018-06-26T09:07:17","guid":{"rendered":"http:\/\/www.imlitexenergy.lt\/?page_id=1064"},"modified":"2018-06-26T11:28:50","modified_gmt":"2018-06-26T11:28:50","slug":"electricity-supply","status":"publish","type":"page","link":"https:\/\/www.imlitexenergy.lt\/en\/electricity-supply\/","title":{"rendered":"ELECTRICITY SUPPLY"},"content":{"rendered":"","protected":false},"excerpt":{"rendered":"","protected":false},"author":12,"featured_media":0,"parent":0,"menu_order":0,"comment_status":"closed","ping_status":"closed","template":"service.php","meta":{"_acf_changed":false,"footnotes":""},"class_list":["post-1064","page","type-page","status-publish","hentry"],"acf":[],"yoast_head":"<!-- This site is optimized with the Yoast SEO plugin v27.5 - https:\/\/yoast.com\/product\/yoast-seo-wordpress\/ -->\n<title>ELECTRICITY SUPPLY - IMLITEX ENERGY<\/title>\n<meta name=\"robots\" content=\"index, follow, max-snippet:-1, max-image-preview:large, max-video-preview:-1\" \/>\n<link rel=\"canonical\" href=\"https:\/\/www.imlitexenergy.lt\/en\/electricity-supply\/\" \/>\n<meta property=\"og:locale\" content=\"en_US\" \/>\n<meta property=\"og:type\" content=\"article\" \/>\n<meta property=\"og:title\" content=\"ELECTRICITY SUPPLY - IMLITEX ENERGY\" \/>\n<meta property=\"og:url\" content=\"https:\/\/www.imlitexenergy.lt\/en\/electricity-supply\/\" \/>\n<meta property=\"og:site_name\" content=\"IMLITEX ENERGY\" \/>\n<meta property=\"article:modified_time\" content=\"2018-06-26T11:28:50+00:00\" \/>\n<meta name=\"twitter:card\" content=\"summary_large_image\" \/>\n<script type=\"application\/ld+json\" class=\"yoast-schema-graph\">{\"@context\":\"https:\\\/\\\/schema.org\",\"@graph\":[{\"@type\":\"WebPage\",\"@id\":\"https:\\\/\\\/www.imlitexenergy.lt\\\/en\\\/electricity-supply\\\/\",\"url\":\"https:\\\/\\\/www.imlitexenergy.lt\\\/en\\\/electricity-supply\\\/\",\"name\":\"ELECTRICITY SUPPLY - IMLITEX ENERGY\",\"isPartOf\":{\"@id\":\"https:\\\/\\\/www.imlitexenergy.lt\\\/#website\"},\"datePublished\":\"2018-06-26T09:07:17+00:00\",\"dateModified\":\"2018-06-26T11:28:50+00:00\",\"breadcrumb\":{\"@id\":\"https:\\\/\\\/www.imlitexenergy.lt\\\/en\\\/electricity-supply\\\/#breadcrumb\"},\"inLanguage\":\"en-US\",\"potentialAction\":[{\"@type\":\"ReadAction\",\"target\":[\"https:\\\/\\\/www.imlitexenergy.lt\\\/en\\\/electricity-supply\\\/\"]}]},{\"@type\":\"BreadcrumbList\",\"@id\":\"https:\\\/\\\/www.imlitexenergy.lt\\\/en\\\/electricity-supply\\\/#breadcrumb\",\"itemListElement\":[{\"@type\":\"ListItem\",\"position\":1,\"name\":\"Home\",\"item\":\"https:\\\/\\\/www.imlitexenergy.lt\\\/\"},{\"@type\":\"ListItem\",\"position\":2,\"name\":\"ELECTRICITY SUPPLY\"}]},{\"@type\":\"WebSite\",\"@id\":\"https:\\\/\\\/www.imlitexenergy.lt\\\/#website\",\"url\":\"https:\\\/\\\/www.imlitexenergy.lt\\\/\",\"name\":\"IMLITEX ENERGY\",\"description\":\"Nepriklausomas gamtini\u0173 duj\u0173 ir elektros energijos tiek\u0117jas Baltijos \u0161alyse. Galimyb\u0117 tiekti neribot\u0105 kiek\u012f elektros, pagamintos i\u0161 atsinaujinan\u010di\u0173 energijos \u0161altini\u0173.\",\"publisher\":{\"@id\":\"https:\\\/\\\/www.imlitexenergy.lt\\\/#organization\"},\"potentialAction\":[{\"@type\":\"SearchAction\",\"target\":{\"@type\":\"EntryPoint\",\"urlTemplate\":\"https:\\\/\\\/www.imlitexenergy.lt\\\/?s={search_term_string}\"},\"query-input\":{\"@type\":\"PropertyValueSpecification\",\"valueRequired\":true,\"valueName\":\"search_term_string\"}}],\"inLanguage\":\"en-US\"},{\"@type\":\"Organization\",\"@id\":\"https:\\\/\\\/www.imlitexenergy.lt\\\/#organization\",\"name\":\"UAB Imlitex\",\"url\":\"https:\\\/\\\/www.imlitexenergy.lt\\\/\",\"logo\":{\"@type\":\"ImageObject\",\"inLanguage\":\"en-US\",\"@id\":\"https:\\\/\\\/www.imlitexenergy.lt\\\/#\\\/schema\\\/logo\\\/image\\\/\",\"url\":\"https:\\\/\\\/www.imlitexenergy.lt\\\/wp-content\\\/uploads\\\/2017\\\/07\\\/logo_3.png\",\"contentUrl\":\"https:\\\/\\\/www.imlitexenergy.lt\\\/wp-content\\\/uploads\\\/2017\\\/07\\\/logo_3.png\",\"width\":500,\"height\":56,\"caption\":\"UAB Imlitex\"},\"image\":{\"@id\":\"https:\\\/\\\/www.imlitexenergy.lt\\\/#\\\/schema\\\/logo\\\/image\\\/\"}}]}<\/script>\n<!-- \/ Yoast SEO plugin. -->","yoast_head_json":{"title":"ELECTRICITY SUPPLY - IMLITEX ENERGY","robots":{"index":"index","follow":"follow","max-snippet":"max-snippet:-1","max-image-preview":"max-image-preview:large","max-video-preview":"max-video-preview:-1"},"canonical":"https:\/\/www.imlitexenergy.lt\/en\/electricity-supply\/","og_locale":"en_US","og_type":"article","og_title":"ELECTRICITY SUPPLY - IMLITEX ENERGY","og_url":"https:\/\/www.imlitexenergy.lt\/en\/electricity-supply\/","og_site_name":"IMLITEX ENERGY","article_modified_time":"2018-06-26T11:28:50+00:00","twitter_card":"summary_large_image","schema":{"@context":"https:\/\/schema.org","@graph":[{"@type":"WebPage","@id":"https:\/\/www.imlitexenergy.lt\/en\/electricity-supply\/","url":"https:\/\/www.imlitexenergy.lt\/en\/electricity-supply\/","name":"ELECTRICITY SUPPLY - IMLITEX ENERGY","isPartOf":{"@id":"https:\/\/www.imlitexenergy.lt\/#website"},"datePublished":"2018-06-26T09:07:17+00:00","dateModified":"2018-06-26T11:28:50+00:00","breadcrumb":{"@id":"https:\/\/www.imlitexenergy.lt\/en\/electricity-supply\/#breadcrumb"},"inLanguage":"en-US","potentialAction":[{"@type":"ReadAction","target":["https:\/\/www.imlitexenergy.lt\/en\/electricity-supply\/"]}]},{"@type":"BreadcrumbList","@id":"https:\/\/www.imlitexenergy.lt\/en\/electricity-supply\/#breadcrumb","itemListElement":[{"@type":"ListItem","position":1,"name":"Home","item":"https:\/\/www.imlitexenergy.lt\/"},{"@type":"ListItem","position":2,"name":"ELECTRICITY SUPPLY"}]},{"@type":"WebSite","@id":"https:\/\/www.imlitexenergy.lt\/#website","url":"https:\/\/www.imlitexenergy.lt\/","name":"IMLITEX ENERGY","description":"Nepriklausomas gamtini\u0173 duj\u0173 ir elektros energijos tiek\u0117jas Baltijos \u0161alyse. Galimyb\u0117 tiekti neribot\u0105 kiek\u012f elektros, pagamintos i\u0161 atsinaujinan\u010di\u0173 energijos \u0161altini\u0173.","publisher":{"@id":"https:\/\/www.imlitexenergy.lt\/#organization"},"potentialAction":[{"@type":"SearchAction","target":{"@type":"EntryPoint","urlTemplate":"https:\/\/www.imlitexenergy.lt\/?s={search_term_string}"},"query-input":{"@type":"PropertyValueSpecification","valueRequired":true,"valueName":"search_term_string"}}],"inLanguage":"en-US"},{"@type":"Organization","@id":"https:\/\/www.imlitexenergy.lt\/#organization","name":"UAB Imlitex","url":"https:\/\/www.imlitexenergy.lt\/","logo":{"@type":"ImageObject","inLanguage":"en-US","@id":"https:\/\/www.imlitexenergy.lt\/#\/schema\/logo\/image\/","url":"https:\/\/www.imlitexenergy.lt\/wp-content\/uploads\/2017\/07\/logo_3.png","contentUrl":"https:\/\/www.imlitexenergy.lt\/wp-content\/uploads\/2017\/07\/logo_3.png","width":500,"height":56,"caption":"UAB Imlitex"},"image":{"@id":"https:\/\/www.imlitexenergy.lt\/#\/schema\/logo\/image\/"}}]}},"_links":{"self":[{"href":"https:\/\/www.imlitexenergy.lt\/en\/wp-json\/wp\/v2\/pages\/1064","targetHints":{"allow":["GET"]}}],"collection":[{"href":"https:\/\/www.imlitexenergy.lt\/en\/wp-json\/wp\/v2\/pages"}],"about":[{"href":"https:\/\/www.imlitexenergy.lt\/en\/wp-json\/wp\/v2\/types\/page"}],"author":[{"embeddable":true,"href":"https:\/\/www.imlitexenergy.lt\/en\/wp-json\/wp\/v2\/users\/12"}],"replies":[{"embeddable":true,"href":"https:\/\/www.imlitexenergy.lt\/en\/wp-json\/wp\/v2\/comments?post=1064"}],"version-history":[{"count":1,"href":"https:\/\/www.imlitexenergy.lt\/en\/wp-json\/wp\/v2\/pages\/1064\/revisions"}],"predecessor-version":[{"id":1065,"href":"https:\/\/www.imlitexenergy.lt\/en\/wp-json\/wp\/v2\/pages\/1064\/revisions\/1065"}],"wp:attachment":[{"href":"https:\/\/www.imlitexenergy.lt\/en\/wp-json\/wp\/v2\/media?parent=1064"}],"curies":[{"name":"wp","href":"https:\/\/api.w.org\/{rel}","templated":true}]}}